{"id":20781,"date":"2024-09-18T17:02:54","date_gmt":"2024-09-18T15:02:54","guid":{"rendered":"https:\/\/www.ketos-foil.com\/board-pumping-evo-90\/"},"modified":"2025-12-22T15:29:59","modified_gmt":"2025-12-22T14:29:59","slug":"board-pumping-evo-90","status":"publish","type":"product","link":"https:\/\/www.ketos-foil.com\/en\/pumping-board\/board-pumping-evo-90\/","title":{"rendered":"Board Pump Evo 90"},"content":{"rendered":"<p>La Board <strong>PUMP EVO 90<\/strong> vous emm\u00e8nera partout sur votre spot pr\u00e9f\u00e9r\u00e9.<\/p>\n<p>Pont concave pour une meilleure proprioception. Contr\u00f4le pr\u00e9cis d\u2019un rail \u00e0 l\u2019autre. Ne vous fiez pas \u00e0 sa taille\u202f: vos pieds seront exactement l\u00e0 o\u00f9 il faut.<\/p>\n<p><strong>Dimensions :<\/strong> 90 x 40 <strong>Poids :<\/strong> &lt;2 kgs (Pour une planche plus l\u00e9g\u00e8re, d\u00e9couvrez la <a href=\"https:\/\/www.ketos-foil.com\/pumping\/board-dockstart-pumping-90\/\"><strong>DOCK 90<\/strong><\/a> : Ketos Board Pumping 90)<\/p>\n<p>Finition du pont en <strong>pad EVA 3mm<\/strong>, usin\u00e9 dans notre atelier.<\/p>\n<p><strong>COULEUR :<\/strong> Pad noir, peinture noire, logo Ketos blanc<\/p>\n<p>&nbsp;<\/p>\n<p>&nbsp;<\/p>\n","protected":false},"excerpt":{"rendered":"<p>Une version simplifi\u00e9e de la c\u00e9l\u00e8bre <strong>DOCK 90<\/strong>.<\/p>\n<p>Disponible exclusivement avec un pad, elle est l\u00e9g\u00e8rement plus lourde que la DOCK 90. Le design n\u2019est pas personnalisable et le carbone n\u2019est pas apparent, ce qui nous permet de r\u00e9duire le temps de finition et de vous proposer un prix comp\u00e9titif pour une planche 100\u202f% fabriqu\u00e9e en France, offrant une rigidit\u00e9 incomparable.<\/p>\n<p>Retrouvez la version originale et personnalisable ici : <a href=\"https:\/\/www.ketos-foil.com\/pumping\/board-dockstart-pumping-90\/\">Dock 90<\/a><\/p>\n","protected":false},"featured_media":20755,"comment_status":"open","ping_status":"closed","template":"","meta":{"ocean_post_layout":"","ocean_both_sidebars_style":"","ocean_both_sidebars_content_width":0,"ocean_both_sidebars_sidebars_width":0,"ocean_sidebar":"","ocean_second_sidebar":"","ocean_disable_margins":"enable","ocean_add_body_class":"","ocean_shortcode_before_top_bar":"","ocean_shortcode_after_top_bar":"","ocean_shortcode_before_header":"","ocean_shortcode_after_header":"","ocean_has_shortcode":"","ocean_shortcode_after_title":"","ocean_shortcode_before_footer_widgets":"","ocean_shortcode_after_footer_widgets":"","ocean_shortcode_before_footer_bottom":"","ocean_shortcode_after_footer_bottom":"","ocean_display_top_bar":"default","ocean_display_header":"default","ocean_header_style":"","ocean_center_header_left_menu":"","ocean_custom_header_template":"","ocean_custom_logo":0,"ocean_custom_retina_logo":0,"ocean_custom_logo_max_width":0,"ocean_custom_logo_tablet_max_width":0,"ocean_custom_logo_mobile_max_width":0,"ocean_custom_logo_max_height":0,"ocean_custom_logo_tablet_max_height":0,"ocean_custom_logo_mobile_max_height":0,"ocean_header_custom_menu":"","ocean_menu_typo_font_family":"","ocean_menu_typo_font_subset":"","ocean_menu_typo_font_size":0,"ocean_menu_typo_font_size_tablet":0,"ocean_menu_typo_font_size_mobile":0,"ocean_menu_typo_font_size_unit":"px","ocean_menu_typo_font_weight":"","ocean_menu_typo_font_weight_tablet":"","ocean_menu_typo_font_weight_mobile":"","ocean_menu_typo_transform":"","ocean_menu_typo_transform_tablet":"","ocean_menu_typo_transform_mobile":"","ocean_menu_typo_line_height":0,"ocean_menu_typo_line_height_tablet":0,"ocean_menu_typo_line_height_mobile":0,"ocean_menu_typo_line_height_unit":"","ocean_menu_typo_spacing":0,"ocean_menu_typo_spacing_tablet":0,"ocean_menu_typo_spacing_mobile":0,"ocean_menu_typo_spacing_unit":"","ocean_menu_link_color":"","ocean_menu_link_color_hover":"","ocean_menu_link_color_active":"","ocean_menu_link_background":"","ocean_menu_link_hover_background":"","ocean_menu_link_active_background":"","ocean_menu_social_links_bg":"","ocean_menu_social_hover_links_bg":"","ocean_menu_social_links_color":"","ocean_menu_social_hover_links_color":"","ocean_disable_title":"default","ocean_disable_heading":"default","ocean_post_title":"","ocean_post_subheading":"","ocean_post_title_style":"","ocean_post_title_background_color":"","ocean_post_title_background":0,"ocean_post_title_bg_image_position":"","ocean_post_title_bg_image_attachment":"","ocean_post_title_bg_image_repeat":"","ocean_post_title_bg_image_size":"","ocean_post_title_height":0,"ocean_post_title_bg_overlay":0.5,"ocean_post_title_bg_overlay_color":"","ocean_disable_breadcrumbs":"default","ocean_breadcrumbs_color":"","ocean_breadcrumbs_separator_color":"","ocean_breadcrumbs_links_color":"","ocean_breadcrumbs_links_hover_color":"","ocean_display_footer_widgets":"default","ocean_display_footer_bottom":"default","ocean_custom_footer_template":"","_themeisle_gutenberg_block_has_review":false},"product_brand":[],"product_cat":[1649,1233],"product_tag":[],"class_list":{"0":"post-20781","1":"product","2":"type-product","3":"status-publish","4":"has-post-thumbnail","6":"product_cat-pumping-board","7":"product_cat-pumping-en","9":"entry","10":"has-media","12":"first","13":"instock","14":"taxable","15":"shipping-taxable","16":"purchasable","17":"product-type-simple","18":"col","19":"span_1_of_3","20":"owp-content-center","21":"owp-thumbs-layout-horizontal","22":"owp-btn-normal","23":"owp-tabs-layout-section","24":"circle-sale"},"acf":[],"yoast_head":"<!-- This site is optimized with the Yoast SEO plugin v27.5 - https:\/\/yoast.com\/product\/yoast-seo-wordpress\/ -->\n<title>Board Pump Evo 90 - KETOS FOIL - Exceptional carbon foil since 2009<\/title>\n<meta name=\"description\" content=\"Une version simplifi\u00e9e de la c\u00e9l\u00e8bre DOCK 90.  Disponible exclusivement avec un pad, elle est l\u00e9g\u00e8rement plus lourde que la DOCK 90. Le design n\u2019est pas personnalisable et le carbone n\u2019est pas apparent, ce qui nous permet de r\u00e9duire le temps de finition et de vous proposer un prix comp\u00e9titif pour une planche 100\u202f% fabriqu\u00e9e en France, offrant une rigidit\u00e9 incomparable.  Retrouvez la version originale et personnalisable ici : Dock 90 - Pumping Board, Pumping KETOS FOIL\" \/>\n<meta name=\"robots\" content=\"index, follow, max-snippet:-1, max-image-preview:large, max-video-preview:-1\" \/>\n<link rel=\"canonical\" href=\"https:\/\/www.ketos-foil.com\/en\/pumping-board\/board-pumping-evo-90\/\" \/>\n<meta property=\"og:locale\" content=\"en_US\" \/>\n<meta property=\"og:type\" content=\"article\" \/>\n<meta property=\"og:title\" content=\"Board Pump Evo 90 - KETOS FOIL - Exceptional carbon foil since 2009\" \/>\n<meta property=\"og:description\" content=\"Une version simplifi\u00e9e de la c\u00e9l\u00e8bre DOCK 90.  Disponible exclusivement avec un pad, elle est l\u00e9g\u00e8rement plus lourde que la DOCK 90. Le design n\u2019est pas personnalisable et le carbone n\u2019est pas apparent, ce qui nous permet de r\u00e9duire le temps de finition et de vous proposer un prix comp\u00e9titif pour une planche 100\u202f% fabriqu\u00e9e en France, offrant une rigidit\u00e9 incomparable.  Retrouvez la version originale et personnalisable ici : Dock 90 - Pumping Board, Pumping KETOS FOIL\" \/>\n<meta property=\"og:url\" content=\"https:\/\/www.ketos-foil.com\/en\/pumping-board\/board-pumping-evo-90\/\" \/>\n<meta property=\"og:site_name\" content=\"KETOS FOIL - Exceptional carbon foil since 2009\" \/>\n<meta property=\"article:publisher\" content=\"https:\/\/www.facebook.com\/ketosfoil\" \/>\n<meta property=\"article:modified_time\" content=\"2025-12-22T14:29:59+00:00\" \/>\n<meta property=\"og:image\" content=\"https:\/\/www.ketos-foil.com\/wp-content\/uploads\/2024\/09\/Photoroom_20250212_112603.jpg\" \/>\n\t<meta property=\"og:image:width\" content=\"1800\" \/>\n\t<meta property=\"og:image:height\" content=\"2400\" \/>\n\t<meta property=\"og:image:type\" content=\"image\/jpeg\" \/>\n<meta name=\"twitter:card\" content=\"summary_large_image\" \/>\n<meta name=\"twitter:label1\" content=\"Est. reading time\" \/>\n\t<meta name=\"twitter:data1\" content=\"1 minute\" \/>\n<script type=\"application\/ld+json\" class=\"yoast-schema-graph\">{\"@context\":\"https:\\\/\\\/schema.org\",\"@graph\":[{\"@type\":\"WebPage\",\"@id\":\"https:\\\/\\\/www.ketos-foil.com\\\/en\\\/pumping-board\\\/board-pumping-evo-90\\\/\",\"url\":\"https:\\\/\\\/www.ketos-foil.com\\\/en\\\/pumping-board\\\/board-pumping-evo-90\\\/\",\"name\":\"Board Pump Evo 90 - KETOS FOIL - Exceptional carbon foil since 2009\",\"isPartOf\":{\"@id\":\"https:\\\/\\\/www.ketos-foil.com\\\/en\\\/#website\"},\"primaryImageOfPage\":{\"@id\":\"https:\\\/\\\/www.ketos-foil.com\\\/en\\\/pumping-board\\\/board-pumping-evo-90\\\/#primaryimage\"},\"image\":{\"@id\":\"https:\\\/\\\/www.ketos-foil.com\\\/en\\\/pumping-board\\\/board-pumping-evo-90\\\/#primaryimage\"},\"thumbnailUrl\":\"https:\\\/\\\/www.ketos-foil.com\\\/wp-content\\\/uploads\\\/2024\\\/09\\\/Photoroom_20250212_112603.jpg\",\"datePublished\":\"2024-09-18T15:02:54+00:00\",\"dateModified\":\"2025-12-22T14:29:59+00:00\",\"description\":\"Une version simplifi\u00e9e de la c\u00e9l\u00e8bre DOCK 90. Disponible exclusivement avec un pad, elle est l\u00e9g\u00e8rement plus lourde que la DOCK 90. Le design n\u2019est pas personnalisable et le carbone n\u2019est pas apparent, ce qui nous permet de r\u00e9duire le temps de finition et de vous proposer un prix comp\u00e9titif pour une planche 100\u202f% fabriqu\u00e9e en France, offrant une rigidit\u00e9 incomparable. Retrouvez la version originale et personnalisable ici : Dock 90 - Pumping Board, Pumping KETOS FOIL\",\"breadcrumb\":{\"@id\":\"https:\\\/\\\/www.ketos-foil.com\\\/en\\\/pumping-board\\\/board-pumping-evo-90\\\/#breadcrumb\"},\"inLanguage\":\"en-US\",\"potentialAction\":[{\"@type\":\"ReadAction\",\"target\":[\"https:\\\/\\\/www.ketos-foil.com\\\/en\\\/pumping-board\\\/board-pumping-evo-90\\\/\"]}]},{\"@type\":\"ImageObject\",\"inLanguage\":\"en-US\",\"@id\":\"https:\\\/\\\/www.ketos-foil.com\\\/en\\\/pumping-board\\\/board-pumping-evo-90\\\/#primaryimage\",\"url\":\"https:\\\/\\\/www.ketos-foil.com\\\/wp-content\\\/uploads\\\/2024\\\/09\\\/Photoroom_20250212_112603.jpg\",\"contentUrl\":\"https:\\\/\\\/www.ketos-foil.com\\\/wp-content\\\/uploads\\\/2024\\\/09\\\/Photoroom_20250212_112603.jpg\",\"width\":1800,\"height\":2400,\"caption\":\"dock evo\"},{\"@type\":\"BreadcrumbList\",\"@id\":\"https:\\\/\\\/www.ketos-foil.com\\\/en\\\/pumping-board\\\/board-pumping-evo-90\\\/#breadcrumb\",\"itemListElement\":[{\"@type\":\"ListItem\",\"position\":1,\"name\":\"Ketos\",\"item\":\"https:\\\/\\\/www.ketos-foil.com\\\/en\\\/\"},{\"@type\":\"ListItem\",\"position\":2,\"name\":\"Boutique en ligne de foil\",\"item\":\"https:\\\/\\\/www.ketos-foil.com\\\/boutique\\\/\"},{\"@type\":\"ListItem\",\"position\":3,\"name\":\"Pumping\",\"item\":\"https:\\\/\\\/www.ketos-foil.com\\\/en\\\/pumping-en\\\/\"},{\"@type\":\"ListItem\",\"position\":4,\"name\":\"Pumping Board\",\"item\":\"https:\\\/\\\/www.ketos-foil.com\\\/en\\\/pumping-board\\\/\"},{\"@type\":\"ListItem\",\"position\":5,\"name\":\"Board Pump Evo 90\"}]},{\"@type\":\"WebSite\",\"@id\":\"https:\\\/\\\/www.ketos-foil.com\\\/en\\\/#website\",\"url\":\"https:\\\/\\\/www.ketos-foil.com\\\/en\\\/\",\"name\":\"KETOS FOIL - Exceptional carbon foil since 2009\",\"description\":\"Carbon foil for kitefoil, wing foil, wake foil, surf foil, pumping foil\",\"publisher\":{\"@id\":\"https:\\\/\\\/www.ketos-foil.com\\\/en\\\/#organization\"},\"potentialAction\":[{\"@type\":\"SearchAction\",\"target\":{\"@type\":\"EntryPoint\",\"urlTemplate\":\"https:\\\/\\\/www.ketos-foil.com\\\/en\\\/?s={search_term_string}\"},\"query-input\":{\"@type\":\"PropertyValueSpecification\",\"valueRequired\":true,\"valueName\":\"search_term_string\"}}],\"inLanguage\":\"en-US\"},{\"@type\":\"Organization\",\"@id\":\"https:\\\/\\\/www.ketos-foil.com\\\/en\\\/#organization\",\"name\":\"KETOS FOIL\",\"alternateName\":\"Ketos : foil, freestyle and freedom\",\"url\":\"https:\\\/\\\/www.ketos-foil.com\\\/en\\\/\",\"logo\":{\"@type\":\"ImageObject\",\"inLanguage\":\"en-US\",\"@id\":\"https:\\\/\\\/www.ketos-foil.com\\\/en\\\/#\\\/schema\\\/logo\\\/image\\\/\",\"url\":\"https:\\\/\\\/www.ketos-foil.com\\\/wp-content\\\/uploads\\\/2022\\\/10\\\/ketos-foil-3G-composite.jpg\",\"contentUrl\":\"https:\\\/\\\/www.ketos-foil.com\\\/wp-content\\\/uploads\\\/2022\\\/10\\\/ketos-foil-3G-composite.jpg\",\"width\":591,\"height\":132,\"caption\":\"KETOS FOIL\"},\"image\":{\"@id\":\"https:\\\/\\\/www.ketos-foil.com\\\/en\\\/#\\\/schema\\\/logo\\\/image\\\/\"},\"sameAs\":[\"https:\\\/\\\/www.facebook.com\\\/ketosfoil\",\"https:\\\/\\\/www.instagram.com\\\/ketosfoil\\\/\",\"https:\\\/\\\/www.youtube.com\\\/@Ketosfoil\",\"https:\\\/\\\/vimeo.com\\\/ketosfoil\",\"https:\\\/\\\/www.tiktok.com\\\/@ketosfoil\"]}]}<\/script>\n<!-- \/ Yoast SEO plugin. -->","yoast_head_json":{"title":"Board Pump Evo 90 - KETOS FOIL - Exceptional carbon foil since 2009","description":"Une version simplifi\u00e9e de la c\u00e9l\u00e8bre DOCK 90.  Disponible exclusivement avec un pad, elle est l\u00e9g\u00e8rement plus lourde que la DOCK 90. Le design n\u2019est pas personnalisable et le carbone n\u2019est pas apparent, ce qui nous permet de r\u00e9duire le temps de finition et de vous proposer un prix comp\u00e9titif pour une planche 100\u202f% fabriqu\u00e9e en France, offrant une rigidit\u00e9 incomparable.  Retrouvez la version originale et personnalisable ici : Dock 90 - Pumping Board, Pumping KETOS FOIL","robots":{"index":"index","follow":"follow","max-snippet":"max-snippet:-1","max-image-preview":"max-image-preview:large","max-video-preview":"max-video-preview:-1"},"canonical":"https:\/\/www.ketos-foil.com\/en\/pumping-board\/board-pumping-evo-90\/","og_locale":"en_US","og_type":"article","og_title":"Board Pump Evo 90 - KETOS FOIL - Exceptional carbon foil since 2009","og_description":"Une version simplifi\u00e9e de la c\u00e9l\u00e8bre DOCK 90.  Disponible exclusivement avec un pad, elle est l\u00e9g\u00e8rement plus lourde que la DOCK 90. Le design n\u2019est pas personnalisable et le carbone n\u2019est pas apparent, ce qui nous permet de r\u00e9duire le temps de finition et de vous proposer un prix comp\u00e9titif pour une planche 100\u202f% fabriqu\u00e9e en France, offrant une rigidit\u00e9 incomparable.  Retrouvez la version originale et personnalisable ici : Dock 90 - Pumping Board, Pumping KETOS FOIL","og_url":"https:\/\/www.ketos-foil.com\/en\/pumping-board\/board-pumping-evo-90\/","og_site_name":"KETOS FOIL - Exceptional carbon foil since 2009","article_publisher":"https:\/\/www.facebook.com\/ketosfoil","article_modified_time":"2025-12-22T14:29:59+00:00","og_image":[{"width":1800,"height":2400,"url":"https:\/\/www.ketos-foil.com\/wp-content\/uploads\/2024\/09\/Photoroom_20250212_112603.jpg","type":"image\/jpeg"}],"twitter_card":"summary_large_image","twitter_misc":{"Est. reading time":"1 minute"},"schema":{"@context":"https:\/\/schema.org","@graph":[{"@type":"WebPage","@id":"https:\/\/www.ketos-foil.com\/en\/pumping-board\/board-pumping-evo-90\/","url":"https:\/\/www.ketos-foil.com\/en\/pumping-board\/board-pumping-evo-90\/","name":"Board Pump Evo 90 - KETOS FOIL - Exceptional carbon foil since 2009","isPartOf":{"@id":"https:\/\/www.ketos-foil.com\/en\/#website"},"primaryImageOfPage":{"@id":"https:\/\/www.ketos-foil.com\/en\/pumping-board\/board-pumping-evo-90\/#primaryimage"},"image":{"@id":"https:\/\/www.ketos-foil.com\/en\/pumping-board\/board-pumping-evo-90\/#primaryimage"},"thumbnailUrl":"https:\/\/www.ketos-foil.com\/wp-content\/uploads\/2024\/09\/Photoroom_20250212_112603.jpg","datePublished":"2024-09-18T15:02:54+00:00","dateModified":"2025-12-22T14:29:59+00:00","description":"Une version simplifi\u00e9e de la c\u00e9l\u00e8bre DOCK 90. Disponible exclusivement avec un pad, elle est l\u00e9g\u00e8rement plus lourde que la DOCK 90. Le design n\u2019est pas personnalisable et le carbone n\u2019est pas apparent, ce qui nous permet de r\u00e9duire le temps de finition et de vous proposer un prix comp\u00e9titif pour une planche 100\u202f% fabriqu\u00e9e en France, offrant une rigidit\u00e9 incomparable. Retrouvez la version originale et personnalisable ici : Dock 90 - Pumping Board, Pumping KETOS FOIL","breadcrumb":{"@id":"https:\/\/www.ketos-foil.com\/en\/pumping-board\/board-pumping-evo-90\/#breadcrumb"},"inLanguage":"en-US","potentialAction":[{"@type":"ReadAction","target":["https:\/\/www.ketos-foil.com\/en\/pumping-board\/board-pumping-evo-90\/"]}]},{"@type":"ImageObject","inLanguage":"en-US","@id":"https:\/\/www.ketos-foil.com\/en\/pumping-board\/board-pumping-evo-90\/#primaryimage","url":"https:\/\/www.ketos-foil.com\/wp-content\/uploads\/2024\/09\/Photoroom_20250212_112603.jpg","contentUrl":"https:\/\/www.ketos-foil.com\/wp-content\/uploads\/2024\/09\/Photoroom_20250212_112603.jpg","width":1800,"height":2400,"caption":"dock evo"},{"@type":"BreadcrumbList","@id":"https:\/\/www.ketos-foil.com\/en\/pumping-board\/board-pumping-evo-90\/#breadcrumb","itemListElement":[{"@type":"ListItem","position":1,"name":"Ketos","item":"https:\/\/www.ketos-foil.com\/en\/"},{"@type":"ListItem","position":2,"name":"Boutique en ligne de foil","item":"https:\/\/www.ketos-foil.com\/boutique\/"},{"@type":"ListItem","position":3,"name":"Pumping","item":"https:\/\/www.ketos-foil.com\/en\/pumping-en\/"},{"@type":"ListItem","position":4,"name":"Pumping Board","item":"https:\/\/www.ketos-foil.com\/en\/pumping-board\/"},{"@type":"ListItem","position":5,"name":"Board Pump Evo 90"}]},{"@type":"WebSite","@id":"https:\/\/www.ketos-foil.com\/en\/#website","url":"https:\/\/www.ketos-foil.com\/en\/","name":"KETOS FOIL - Exceptional carbon foil since 2009","description":"Carbon foil for kitefoil, wing foil, wake foil, surf foil, pumping foil","publisher":{"@id":"https:\/\/www.ketos-foil.com\/en\/#organization"},"potentialAction":[{"@type":"SearchAction","target":{"@type":"EntryPoint","urlTemplate":"https:\/\/www.ketos-foil.com\/en\/?s={search_term_string}"},"query-input":{"@type":"PropertyValueSpecification","valueRequired":true,"valueName":"search_term_string"}}],"inLanguage":"en-US"},{"@type":"Organization","@id":"https:\/\/www.ketos-foil.com\/en\/#organization","name":"KETOS FOIL","alternateName":"Ketos : foil, freestyle and freedom","url":"https:\/\/www.ketos-foil.com\/en\/","logo":{"@type":"ImageObject","inLanguage":"en-US","@id":"https:\/\/www.ketos-foil.com\/en\/#\/schema\/logo\/image\/","url":"https:\/\/www.ketos-foil.com\/wp-content\/uploads\/2022\/10\/ketos-foil-3G-composite.jpg","contentUrl":"https:\/\/www.ketos-foil.com\/wp-content\/uploads\/2022\/10\/ketos-foil-3G-composite.jpg","width":591,"height":132,"caption":"KETOS FOIL"},"image":{"@id":"https:\/\/www.ketos-foil.com\/en\/#\/schema\/logo\/image\/"},"sameAs":["https:\/\/www.facebook.com\/ketosfoil","https:\/\/www.instagram.com\/ketosfoil\/","https:\/\/www.youtube.com\/@Ketosfoil","https:\/\/vimeo.com\/ketosfoil","https:\/\/www.tiktok.com\/@ketosfoil"]}]}},"_links":{"self":[{"href":"https:\/\/www.ketos-foil.com\/en\/wp-json\/wp\/v2\/product\/20781","targetHints":{"allow":["GET"]}}],"collection":[{"href":"https:\/\/www.ketos-foil.com\/en\/wp-json\/wp\/v2\/product"}],"about":[{"href":"https:\/\/www.ketos-foil.com\/en\/wp-json\/wp\/v2\/types\/product"}],"replies":[{"embeddable":true,"href":"https:\/\/www.ketos-foil.com\/en\/wp-json\/wp\/v2\/comments?post=20781"}],"wp:featuredmedia":[{"embeddable":true,"href":"https:\/\/www.ketos-foil.com\/en\/wp-json\/wp\/v2\/media\/20755"}],"wp:attachment":[{"href":"https:\/\/www.ketos-foil.com\/en\/wp-json\/wp\/v2\/media?parent=20781"}],"wp:term":[{"taxonomy":"product_brand","embeddable":true,"href":"https:\/\/www.ketos-foil.com\/en\/wp-json\/wp\/v2\/product_brand?post=20781"},{"taxonomy":"product_cat","embeddable":true,"href":"https:\/\/www.ketos-foil.com\/en\/wp-json\/wp\/v2\/product_cat?post=20781"},{"taxonomy":"product_tag","embeddable":true,"href":"https:\/\/www.ketos-foil.com\/en\/wp-json\/wp\/v2\/product_tag?post=20781"}],"curies":[{"name":"wp","href":"https:\/\/api.w.org\/{rel}","templated":true}]}}