{"id":24757,"date":"2026-01-14T09:52:06","date_gmt":"2026-01-14T08:52:06","guid":{"rendered":"https:\/\/www.ketos-foil.com\/uncategorized\/board-95-ktp-kite-tow-pump\/"},"modified":"2026-03-25T12:15:14","modified_gmt":"2026-03-25T11:15:14","slug":"board-95-ktp-kite-tow-pump","status":"publish","type":"product","link":"https:\/\/www.ketos-foil.com\/en\/pumping-board\/board-95-ktp-kite-tow-pump\/","title":{"rendered":"Board Pocket 95 VARIO (Kite Tow Pump)"},"content":{"rendered":"<p>This 95cm board embodies all of Ketos&#8217; expertise in pocket-style boards:<\/p>\n<ul>\n<li>Extreme rigidity thanks to its corrugated metal-inspired hull<\/li>\n<li>Forgiving front kicker<\/li>\n<li>Reduced pad to 2mm for comfort and performance, transmitting all your effort to the foil (Direct Drive from Ketos)<\/li>\n<li>Visual markers for foot placement<\/li>\n<li>Concav deck, the signature Ketos design, for unparalleled comfort and the assurance of always knowing your position<\/li>\n<li>US carbon rails molded with the board for maximum rigidity<\/li>\n<li>US rails with 4 openings for easy mast installation<\/li>\n<\/ul>\n<p>All of Ketos&#8217; expertise has been integrated into this board at a price that rivals those made in China.<\/p>\n<p>The Pocket 95 VARIO (for Kite Tow Pump) is the exposed carbon version of the Pump 95 Lite. It was designed for riders seeking maximum versatility between kitefoil, tow-in, and pump foil.<\/p>\n<p>Directly inspired by our pocket boards* and the Dock 90, which made KETOS famous, the VARIO embodies their DNA: an ultra-thin board, only 2 cm thick. At the time, this bold choice was groundbreaking and helped make this dimension a widely adopted standard today, a testament to KETOS&#8217;s influence on the evolution of kitefoiling and modern pumping.<\/p>\n<p>Its compact and precise shape, combined with 100% carbon construction, offers exceptional stiffness and direct foil feedback, ideal for the most committed kitefoilers. Thanks to its responsiveness and low weight, the VARIO also allows riders with a very high technical level to excel in pumping or tow-in, with a single board capable of covering multiple disciplines.<\/p>\n<p>(Invented by Ketos in the 2010s, Extra Thin Kiteboards with a 2cm thickness provide total foil control)<\/p>\n","protected":false},"excerpt":{"rendered":"<p>Cette board s&#8217;inscrit dans la continuit\u00e9 de la PUMP 95 Lite, mais en full carbon<\/p>\n<p>&#8211; Board full carbon<br \/>\n&#8211; Rails US full carbone avec 4 entr\u00e9es pour T-Nuts<br \/>\n&#8211; Inserts de footstraps de s\u00e9rie<br \/>\n&#8211; Full pad pour un confort et un contr\u00f4le optimaux<br \/>\n&#8211; Pont plat<br \/>\n&#8211; Noyau Airex \/ Carbone Epoxy<\/p>\n","protected":false},"featured_media":24152,"comment_status":"closed","ping_status":"closed","template":"","meta":{"ocean_post_layout":"","ocean_both_sidebars_style":"","ocean_both_sidebars_content_width":0,"ocean_both_sidebars_sidebars_width":0,"ocean_sidebar":"","ocean_second_sidebar":"","ocean_disable_margins":"enable","ocean_add_body_class":"","ocean_shortcode_before_top_bar":"","ocean_shortcode_after_top_bar":"","ocean_shortcode_before_header":"","ocean_shortcode_after_header":"","ocean_has_shortcode":"","ocean_shortcode_after_title":"","ocean_shortcode_before_footer_widgets":"","ocean_shortcode_after_footer_widgets":"","ocean_shortcode_before_footer_bottom":"","ocean_shortcode_after_footer_bottom":"","ocean_display_top_bar":"default","ocean_display_header":"default","ocean_header_style":"","ocean_center_header_left_menu":"","ocean_custom_header_template":"","ocean_custom_logo":0,"ocean_custom_retina_logo":0,"ocean_custom_logo_max_width":0,"ocean_custom_logo_tablet_max_width":0,"ocean_custom_logo_mobile_max_width":0,"ocean_custom_logo_max_height":0,"ocean_custom_logo_tablet_max_height":0,"ocean_custom_logo_mobile_max_height":0,"ocean_header_custom_menu":"","ocean_menu_typo_font_family":"","ocean_menu_typo_font_subset":"","ocean_menu_typo_font_size":0,"ocean_menu_typo_font_size_tablet":0,"ocean_menu_typo_font_size_mobile":0,"ocean_menu_typo_font_size_unit":"px","ocean_menu_typo_font_weight":"","ocean_menu_typo_font_weight_tablet":"","ocean_menu_typo_font_weight_mobile":"","ocean_menu_typo_transform":"","ocean_menu_typo_transform_tablet":"","ocean_menu_typo_transform_mobile":"","ocean_menu_typo_line_height":0,"ocean_menu_typo_line_height_tablet":0,"ocean_menu_typo_line_height_mobile":0,"ocean_menu_typo_line_height_unit":"","ocean_menu_typo_spacing":0,"ocean_menu_typo_spacing_tablet":0,"ocean_menu_typo_spacing_mobile":0,"ocean_menu_typo_spacing_unit":"","ocean_menu_link_color":"","ocean_menu_link_color_hover":"","ocean_menu_link_color_active":"","ocean_menu_link_background":"","ocean_menu_link_hover_background":"","ocean_menu_link_active_background":"","ocean_menu_social_links_bg":"","ocean_menu_social_hover_links_bg":"","ocean_menu_social_links_color":"","ocean_menu_social_hover_links_color":"","ocean_disable_title":"default","ocean_disable_heading":"default","ocean_post_title":"","ocean_post_subheading":"","ocean_post_title_style":"","ocean_post_title_background_color":"","ocean_post_title_background":0,"ocean_post_title_bg_image_position":"","ocean_post_title_bg_image_attachment":"","ocean_post_title_bg_image_repeat":"","ocean_post_title_bg_image_size":"","ocean_post_title_height":0,"ocean_post_title_bg_overlay":0.5,"ocean_post_title_bg_overlay_color":"","ocean_disable_breadcrumbs":"default","ocean_breadcrumbs_color":"","ocean_breadcrumbs_separator_color":"","ocean_breadcrumbs_links_color":"","ocean_breadcrumbs_links_hover_color":"","ocean_display_footer_widgets":"default","ocean_display_footer_bottom":"default","ocean_custom_footer_template":"","_themeisle_gutenberg_block_has_review":false},"product_brand":[],"product_cat":[1649,58,1233,1095],"product_tag":[],"class_list":{"0":"post-24757","1":"product","2":"type-product","3":"status-publish","4":"has-post-thumbnail","6":"product_cat-pumping-board","7":"product_cat-board-kitefoil-en","8":"product_cat-pumping-en","9":"product_cat-category-ketos-foil","11":"entry","12":"has-media","14":"first","15":"instock","16":"taxable","17":"shipping-taxable","18":"purchasable","19":"product-type-variable","20":"col","21":"span_1_of_3","22":"owp-content-center","23":"owp-thumbs-layout-horizontal","24":"owp-btn-normal","25":"owp-tabs-layout-section","26":"circle-sale"},"acf":[],"yoast_head":"<!-- This site is optimized with the Yoast SEO plugin v27.5 - https:\/\/yoast.com\/product\/yoast-seo-wordpress\/ -->\n<title>Board Pocket 95 VARIO (Kite Tow Pump) - KETOS FOIL - Exceptional carbon foil since 2009<\/title>\n<meta name=\"description\" content=\"Cette board s&#039;inscrit dans la continuit\u00e9 de la PUMP 95 Lite, mais en full carbon  - Board full carbon - Rails US full carbone avec 4 entr\u00e9es pour T-Nuts - Inserts de footstraps de s\u00e9rie - Full pad pour un confort et un contr\u00f4le optimaux - Pont plat - Noyau Airex \/ Carbone Epoxy - Pumping Board, Kitefoil Board, Pumping, Ketos foil KETOS FOIL\" \/>\n<meta name=\"robots\" content=\"index, follow, max-snippet:-1, max-image-preview:large, max-video-preview:-1\" \/>\n<link rel=\"canonical\" href=\"https:\/\/www.ketos-foil.com\/en\/pumping-board\/board-95-ktp-kite-tow-pump\/\" \/>\n<meta property=\"og:locale\" content=\"en_US\" \/>\n<meta property=\"og:type\" content=\"article\" \/>\n<meta property=\"og:title\" content=\"Board Pocket 95 VARIO (Kite Tow Pump) - KETOS FOIL - Exceptional carbon foil since 2009\" \/>\n<meta property=\"og:description\" content=\"Cette board s&#039;inscrit dans la continuit\u00e9 de la PUMP 95 Lite, mais en full carbon  - Board full carbon - Rails US full carbone avec 4 entr\u00e9es pour T-Nuts - Inserts de footstraps de s\u00e9rie - Full pad pour un confort et un contr\u00f4le optimaux - Pont plat - Noyau Airex \/ Carbone Epoxy - Pumping Board, Kitefoil Board, Pumping, Ketos foil KETOS FOIL\" \/>\n<meta property=\"og:url\" content=\"https:\/\/www.ketos-foil.com\/en\/pumping-board\/board-95-ktp-kite-tow-pump\/\" \/>\n<meta property=\"og:site_name\" content=\"KETOS FOIL - Exceptional carbon foil since 2009\" \/>\n<meta property=\"article:publisher\" content=\"https:\/\/www.facebook.com\/ketosfoil\" \/>\n<meta property=\"article:modified_time\" content=\"2026-03-25T11:15:14+00:00\" \/>\n<meta property=\"og:image\" content=\"https:\/\/www.ketos-foil.com\/wp-content\/uploads\/2026\/01\/Board-KTP-95--scaled.jpg\" \/>\n\t<meta property=\"og:image:width\" content=\"1920\" \/>\n\t<meta property=\"og:image:height\" content=\"2560\" \/>\n\t<meta property=\"og:image:type\" content=\"image\/jpeg\" \/>\n<meta name=\"twitter:card\" content=\"summary_large_image\" \/>\n<meta name=\"twitter:label1\" content=\"Est. reading time\" \/>\n\t<meta name=\"twitter:data1\" content=\"2 minutes\" \/>\n<script type=\"application\/ld+json\" class=\"yoast-schema-graph\">{\"@context\":\"https:\\\/\\\/schema.org\",\"@graph\":[{\"@type\":\"WebPage\",\"@id\":\"https:\\\/\\\/www.ketos-foil.com\\\/en\\\/pumping-board\\\/board-95-ktp-kite-tow-pump\\\/\",\"url\":\"https:\\\/\\\/www.ketos-foil.com\\\/en\\\/pumping-board\\\/board-95-ktp-kite-tow-pump\\\/\",\"name\":\"Board Pocket 95 VARIO (Kite Tow Pump) - KETOS FOIL - Exceptional carbon foil since 2009\",\"isPartOf\":{\"@id\":\"https:\\\/\\\/www.ketos-foil.com\\\/en\\\/#website\"},\"primaryImageOfPage\":{\"@id\":\"https:\\\/\\\/www.ketos-foil.com\\\/en\\\/pumping-board\\\/board-95-ktp-kite-tow-pump\\\/#primaryimage\"},\"image\":{\"@id\":\"https:\\\/\\\/www.ketos-foil.com\\\/en\\\/pumping-board\\\/board-95-ktp-kite-tow-pump\\\/#primaryimage\"},\"thumbnailUrl\":\"https:\\\/\\\/www.ketos-foil.com\\\/wp-content\\\/uploads\\\/2026\\\/01\\\/Board-KTP-95--scaled.jpg\",\"datePublished\":\"2026-01-14T08:52:06+00:00\",\"dateModified\":\"2026-03-25T11:15:14+00:00\",\"description\":\"Cette board s'inscrit dans la continuit\u00e9 de la PUMP 95 Lite, mais en full carbon - Board full carbon - Rails US full carbone avec 4 entr\u00e9es pour T-Nuts - Inserts de footstraps de s\u00e9rie - Full pad pour un confort et un contr\u00f4le optimaux - Pont plat - Noyau Airex \\\/ Carbone Epoxy - Pumping Board, Kitefoil Board, Pumping, Ketos foil KETOS FOIL\",\"breadcrumb\":{\"@id\":\"https:\\\/\\\/www.ketos-foil.com\\\/en\\\/pumping-board\\\/board-95-ktp-kite-tow-pump\\\/#breadcrumb\"},\"inLanguage\":\"en-US\",\"potentialAction\":[{\"@type\":\"ReadAction\",\"target\":[\"https:\\\/\\\/www.ketos-foil.com\\\/en\\\/pumping-board\\\/board-95-ktp-kite-tow-pump\\\/\"]}]},{\"@type\":\"ImageObject\",\"inLanguage\":\"en-US\",\"@id\":\"https:\\\/\\\/www.ketos-foil.com\\\/en\\\/pumping-board\\\/board-95-ktp-kite-tow-pump\\\/#primaryimage\",\"url\":\"https:\\\/\\\/www.ketos-foil.com\\\/wp-content\\\/uploads\\\/2026\\\/01\\\/Board-KTP-95--scaled.jpg\",\"contentUrl\":\"https:\\\/\\\/www.ketos-foil.com\\\/wp-content\\\/uploads\\\/2026\\\/01\\\/Board-KTP-95--scaled.jpg\",\"width\":1920,\"height\":2560},{\"@type\":\"BreadcrumbList\",\"@id\":\"https:\\\/\\\/www.ketos-foil.com\\\/en\\\/pumping-board\\\/board-95-ktp-kite-tow-pump\\\/#breadcrumb\",\"itemListElement\":[{\"@type\":\"ListItem\",\"position\":1,\"name\":\"Ketos\",\"item\":\"https:\\\/\\\/www.ketos-foil.com\\\/en\\\/\"},{\"@type\":\"ListItem\",\"position\":2,\"name\":\"Boutique en ligne de foil\",\"item\":\"https:\\\/\\\/www.ketos-foil.com\\\/boutique\\\/\"},{\"@type\":\"ListItem\",\"position\":3,\"name\":\"Pumping\",\"item\":\"https:\\\/\\\/www.ketos-foil.com\\\/en\\\/pumping-en\\\/\"},{\"@type\":\"ListItem\",\"position\":4,\"name\":\"Pumping Board\",\"item\":\"https:\\\/\\\/www.ketos-foil.com\\\/en\\\/pumping-board\\\/\"},{\"@type\":\"ListItem\",\"position\":5,\"name\":\"Board Pocket 95 VARIO (Kite Tow Pump)\"}]},{\"@type\":\"WebSite\",\"@id\":\"https:\\\/\\\/www.ketos-foil.com\\\/en\\\/#website\",\"url\":\"https:\\\/\\\/www.ketos-foil.com\\\/en\\\/\",\"name\":\"KETOS FOIL - Exceptional carbon foil since 2009\",\"description\":\"Carbon foil for kitefoil, wing foil, wake foil, surf foil, pumping foil\",\"publisher\":{\"@id\":\"https:\\\/\\\/www.ketos-foil.com\\\/en\\\/#organization\"},\"potentialAction\":[{\"@type\":\"SearchAction\",\"target\":{\"@type\":\"EntryPoint\",\"urlTemplate\":\"https:\\\/\\\/www.ketos-foil.com\\\/en\\\/?s={search_term_string}\"},\"query-input\":{\"@type\":\"PropertyValueSpecification\",\"valueRequired\":true,\"valueName\":\"search_term_string\"}}],\"inLanguage\":\"en-US\"},{\"@type\":\"Organization\",\"@id\":\"https:\\\/\\\/www.ketos-foil.com\\\/en\\\/#organization\",\"name\":\"KETOS FOIL\",\"alternateName\":\"Ketos : foil, freestyle and freedom\",\"url\":\"https:\\\/\\\/www.ketos-foil.com\\\/en\\\/\",\"logo\":{\"@type\":\"ImageObject\",\"inLanguage\":\"en-US\",\"@id\":\"https:\\\/\\\/www.ketos-foil.com\\\/en\\\/#\\\/schema\\\/logo\\\/image\\\/\",\"url\":\"https:\\\/\\\/www.ketos-foil.com\\\/wp-content\\\/uploads\\\/2022\\\/10\\\/ketos-foil-3G-composite.jpg\",\"contentUrl\":\"https:\\\/\\\/www.ketos-foil.com\\\/wp-content\\\/uploads\\\/2022\\\/10\\\/ketos-foil-3G-composite.jpg\",\"width\":591,\"height\":132,\"caption\":\"KETOS FOIL\"},\"image\":{\"@id\":\"https:\\\/\\\/www.ketos-foil.com\\\/en\\\/#\\\/schema\\\/logo\\\/image\\\/\"},\"sameAs\":[\"https:\\\/\\\/www.facebook.com\\\/ketosfoil\",\"https:\\\/\\\/www.instagram.com\\\/ketosfoil\\\/\",\"https:\\\/\\\/www.youtube.com\\\/@Ketosfoil\",\"https:\\\/\\\/vimeo.com\\\/ketosfoil\",\"https:\\\/\\\/www.tiktok.com\\\/@ketosfoil\"]}]}<\/script>\n<!-- \/ Yoast SEO plugin. -->","yoast_head_json":{"title":"Board Pocket 95 VARIO (Kite Tow Pump) - KETOS FOIL - Exceptional carbon foil since 2009","description":"Cette board s'inscrit dans la continuit\u00e9 de la PUMP 95 Lite, mais en full carbon  - Board full carbon - Rails US full carbone avec 4 entr\u00e9es pour T-Nuts - Inserts de footstraps de s\u00e9rie - Full pad pour un confort et un contr\u00f4le optimaux - Pont plat - Noyau Airex \/ Carbone Epoxy - Pumping Board, Kitefoil Board, Pumping, Ketos foil KETOS FOIL","robots":{"index":"index","follow":"follow","max-snippet":"max-snippet:-1","max-image-preview":"max-image-preview:large","max-video-preview":"max-video-preview:-1"},"canonical":"https:\/\/www.ketos-foil.com\/en\/pumping-board\/board-95-ktp-kite-tow-pump\/","og_locale":"en_US","og_type":"article","og_title":"Board Pocket 95 VARIO (Kite Tow Pump) - KETOS FOIL - Exceptional carbon foil since 2009","og_description":"Cette board s'inscrit dans la continuit\u00e9 de la PUMP 95 Lite, mais en full carbon  - Board full carbon - Rails US full carbone avec 4 entr\u00e9es pour T-Nuts - Inserts de footstraps de s\u00e9rie - Full pad pour un confort et un contr\u00f4le optimaux - Pont plat - Noyau Airex \/ Carbone Epoxy - Pumping Board, Kitefoil Board, Pumping, Ketos foil KETOS FOIL","og_url":"https:\/\/www.ketos-foil.com\/en\/pumping-board\/board-95-ktp-kite-tow-pump\/","og_site_name":"KETOS FOIL - Exceptional carbon foil since 2009","article_publisher":"https:\/\/www.facebook.com\/ketosfoil","article_modified_time":"2026-03-25T11:15:14+00:00","og_image":[{"width":1920,"height":2560,"url":"https:\/\/www.ketos-foil.com\/wp-content\/uploads\/2026\/01\/Board-KTP-95--scaled.jpg","type":"image\/jpeg"}],"twitter_card":"summary_large_image","twitter_misc":{"Est. reading time":"2 minutes"},"schema":{"@context":"https:\/\/schema.org","@graph":[{"@type":"WebPage","@id":"https:\/\/www.ketos-foil.com\/en\/pumping-board\/board-95-ktp-kite-tow-pump\/","url":"https:\/\/www.ketos-foil.com\/en\/pumping-board\/board-95-ktp-kite-tow-pump\/","name":"Board Pocket 95 VARIO (Kite Tow Pump) - KETOS FOIL - Exceptional carbon foil since 2009","isPartOf":{"@id":"https:\/\/www.ketos-foil.com\/en\/#website"},"primaryImageOfPage":{"@id":"https:\/\/www.ketos-foil.com\/en\/pumping-board\/board-95-ktp-kite-tow-pump\/#primaryimage"},"image":{"@id":"https:\/\/www.ketos-foil.com\/en\/pumping-board\/board-95-ktp-kite-tow-pump\/#primaryimage"},"thumbnailUrl":"https:\/\/www.ketos-foil.com\/wp-content\/uploads\/2026\/01\/Board-KTP-95--scaled.jpg","datePublished":"2026-01-14T08:52:06+00:00","dateModified":"2026-03-25T11:15:14+00:00","description":"Cette board s'inscrit dans la continuit\u00e9 de la PUMP 95 Lite, mais en full carbon - Board full carbon - Rails US full carbone avec 4 entr\u00e9es pour T-Nuts - Inserts de footstraps de s\u00e9rie - Full pad pour un confort et un contr\u00f4le optimaux - Pont plat - Noyau Airex \/ Carbone Epoxy - Pumping Board, Kitefoil Board, Pumping, Ketos foil KETOS FOIL","breadcrumb":{"@id":"https:\/\/www.ketos-foil.com\/en\/pumping-board\/board-95-ktp-kite-tow-pump\/#breadcrumb"},"inLanguage":"en-US","potentialAction":[{"@type":"ReadAction","target":["https:\/\/www.ketos-foil.com\/en\/pumping-board\/board-95-ktp-kite-tow-pump\/"]}]},{"@type":"ImageObject","inLanguage":"en-US","@id":"https:\/\/www.ketos-foil.com\/en\/pumping-board\/board-95-ktp-kite-tow-pump\/#primaryimage","url":"https:\/\/www.ketos-foil.com\/wp-content\/uploads\/2026\/01\/Board-KTP-95--scaled.jpg","contentUrl":"https:\/\/www.ketos-foil.com\/wp-content\/uploads\/2026\/01\/Board-KTP-95--scaled.jpg","width":1920,"height":2560},{"@type":"BreadcrumbList","@id":"https:\/\/www.ketos-foil.com\/en\/pumping-board\/board-95-ktp-kite-tow-pump\/#breadcrumb","itemListElement":[{"@type":"ListItem","position":1,"name":"Ketos","item":"https:\/\/www.ketos-foil.com\/en\/"},{"@type":"ListItem","position":2,"name":"Boutique en ligne de foil","item":"https:\/\/www.ketos-foil.com\/boutique\/"},{"@type":"ListItem","position":3,"name":"Pumping","item":"https:\/\/www.ketos-foil.com\/en\/pumping-en\/"},{"@type":"ListItem","position":4,"name":"Pumping Board","item":"https:\/\/www.ketos-foil.com\/en\/pumping-board\/"},{"@type":"ListItem","position":5,"name":"Board Pocket 95 VARIO (Kite Tow Pump)"}]},{"@type":"WebSite","@id":"https:\/\/www.ketos-foil.com\/en\/#website","url":"https:\/\/www.ketos-foil.com\/en\/","name":"KETOS FOIL - Exceptional carbon foil since 2009","description":"Carbon foil for kitefoil, wing foil, wake foil, surf foil, pumping foil","publisher":{"@id":"https:\/\/www.ketos-foil.com\/en\/#organization"},"potentialAction":[{"@type":"SearchAction","target":{"@type":"EntryPoint","urlTemplate":"https:\/\/www.ketos-foil.com\/en\/?s={search_term_string}"},"query-input":{"@type":"PropertyValueSpecification","valueRequired":true,"valueName":"search_term_string"}}],"inLanguage":"en-US"},{"@type":"Organization","@id":"https:\/\/www.ketos-foil.com\/en\/#organization","name":"KETOS FOIL","alternateName":"Ketos : foil, freestyle and freedom","url":"https:\/\/www.ketos-foil.com\/en\/","logo":{"@type":"ImageObject","inLanguage":"en-US","@id":"https:\/\/www.ketos-foil.com\/en\/#\/schema\/logo\/image\/","url":"https:\/\/www.ketos-foil.com\/wp-content\/uploads\/2022\/10\/ketos-foil-3G-composite.jpg","contentUrl":"https:\/\/www.ketos-foil.com\/wp-content\/uploads\/2022\/10\/ketos-foil-3G-composite.jpg","width":591,"height":132,"caption":"KETOS FOIL"},"image":{"@id":"https:\/\/www.ketos-foil.com\/en\/#\/schema\/logo\/image\/"},"sameAs":["https:\/\/www.facebook.com\/ketosfoil","https:\/\/www.instagram.com\/ketosfoil\/","https:\/\/www.youtube.com\/@Ketosfoil","https:\/\/vimeo.com\/ketosfoil","https:\/\/www.tiktok.com\/@ketosfoil"]}]}},"_links":{"self":[{"href":"https:\/\/www.ketos-foil.com\/en\/wp-json\/wp\/v2\/product\/24757","targetHints":{"allow":["GET"]}}],"collection":[{"href":"https:\/\/www.ketos-foil.com\/en\/wp-json\/wp\/v2\/product"}],"about":[{"href":"https:\/\/www.ketos-foil.com\/en\/wp-json\/wp\/v2\/types\/product"}],"replies":[{"embeddable":true,"href":"https:\/\/www.ketos-foil.com\/en\/wp-json\/wp\/v2\/comments?post=24757"}],"wp:featuredmedia":[{"embeddable":true,"href":"https:\/\/www.ketos-foil.com\/en\/wp-json\/wp\/v2\/media\/24152"}],"wp:attachment":[{"href":"https:\/\/www.ketos-foil.com\/en\/wp-json\/wp\/v2\/media?parent=24757"}],"wp:term":[{"taxonomy":"product_brand","embeddable":true,"href":"https:\/\/www.ketos-foil.com\/en\/wp-json\/wp\/v2\/product_brand?post=24757"},{"taxonomy":"product_cat","embeddable":true,"href":"https:\/\/www.ketos-foil.com\/en\/wp-json\/wp\/v2\/product_cat?post=24757"},{"taxonomy":"product_tag","embeddable":true,"href":"https:\/\/www.ketos-foil.com\/en\/wp-json\/wp\/v2\/product_tag?post=24757"}],"curies":[{"name":"wp","href":"https:\/\/api.w.org\/{rel}","templated":true}]}}