{"id":6558,"date":"2021-06-15T18:43:57","date_gmt":"2021-06-15T16:43:57","guid":{"rendered":"http:\/\/ketos.test\/wingfoil-frontwing-kahuna1180\/"},"modified":"2024-02-09T14:36:24","modified_gmt":"2024-02-09T13:36:24","slug":"wingfoil-frontwing-kahuna1180","status":"publish","type":"product","link":"https:\/\/www.ketos-foil.com\/en\/ketos-foil\/wingfoil-frontwing-kahuna1180\/","title":{"rendered":"WINGFOIL Frontwing Kahuna1180 Refurbished"},"content":{"rendered":"<p>Surface : 1180<\/p>\n<p>Wingspan\u00a0: 920<\/p>\n<p>High Aspect Ratio\u00a0: 7.05<\/p>\n<p>\u2022 New generation profiles, more buoyant, a refined leading edge for more incisive navigation, a fast Take Off, a very fluid glide thanks to the very good CX, all of this brings much more glide. The wing has decreasing profiles, the refinement at the wingtips allows faster engagement in curves, jibes, tack and other 360\u00b0\u2026.<\/p>\n<p>\u2022 Outlines, elliptical shapes, a fairly flat canopy for better performance, a slight dihedral at the tip of the feathers, for stability. A reduced rope. A thinner profile to limit drag while maintaining good lift.<\/p>\n<p>\u2022 Rounded wing tips to facilitate wave curves and a small detail that is important, taking care of you and your wing wing<\/p>\n<p>\u2022 Dynamic performance in Pumping<\/p>\n<p>Super stiff wings, which restore all the performance and give precision.<\/p>\n<p>A full carbon \/ ketos Core technology.<\/p>\n<p>With stabilo Wing a magic combo<\/p>\n<p>Fuselage 59 cm, to optimise maneuverability<\/p>\n<p>Fuselage 70 cm, for a better Take Off\u00a0, this combo will be great for rider over 75 kg<\/p>\n<p>Kahuna 1180 is a high aspect ratio, gr\u00e9\u00e2t maneuverability, r\u00e9activit\u00e9, very good glide.<\/p>\n","protected":false},"excerpt":{"rendered":"<p>Kahuna 1180, a High Aspect Ratio Wing, <strong>7.05<\/strong>, fast with an easy start, its surface area and wingspan give it a smoother, quieter, more accessible start<\/p>\n<p>wingspan\u00a0920 for a<\/p>\n<p>surface of\u00a01180cm\u00b2. High Aspect Ratio.<\/p>\n<p>You dreamed of rediscovering the sensations of Ketos in wing, you will not be disappointed!<\/p>\n<p><strong>We no longer manufacture this wing . Find here some 1180 Efficience\u00a0 refurbished.<\/strong><\/p>\n<p>Price for a new product: 700\u20ac with French VAT, 583,33 without VAT<\/p>\n","protected":false},"featured_media":15632,"comment_status":"open","ping_status":"closed","template":"","meta":{"ocean_post_layout":"","ocean_both_sidebars_style":"","ocean_both_sidebars_content_width":0,"ocean_both_sidebars_sidebars_width":0,"ocean_sidebar":"0","ocean_second_sidebar":"0","ocean_disable_margins":"enable","ocean_add_body_class":"","ocean_shortcode_before_top_bar":"","ocean_shortcode_after_top_bar":"","ocean_shortcode_before_header":"","ocean_shortcode_after_header":"","ocean_has_shortcode":"","ocean_shortcode_after_title":"","ocean_shortcode_before_footer_widgets":"","ocean_shortcode_after_footer_widgets":"","ocean_shortcode_before_footer_bottom":"","ocean_shortcode_after_footer_bottom":"","ocean_display_top_bar":"default","ocean_display_header":"default","ocean_header_style":"","ocean_center_header_left_menu":"0","ocean_custom_header_template":"0","ocean_custom_logo":0,"ocean_custom_retina_logo":0,"ocean_custom_logo_max_width":0,"ocean_custom_logo_tablet_max_width":0,"ocean_custom_logo_mobile_max_width":0,"ocean_custom_logo_max_height":0,"ocean_custom_logo_tablet_max_height":0,"ocean_custom_logo_mobile_max_height":0,"ocean_header_custom_menu":"0","ocean_menu_typo_font_family":"0","ocean_menu_typo_font_subset":"","ocean_menu_typo_font_size":0,"ocean_menu_typo_font_size_tablet":0,"ocean_menu_typo_font_size_mobile":0,"ocean_menu_typo_font_size_unit":"px","ocean_menu_typo_font_weight":"","ocean_menu_typo_font_weight_tablet":"","ocean_menu_typo_font_weight_mobile":"","ocean_menu_typo_transform":"","ocean_menu_typo_transform_tablet":"","ocean_menu_typo_transform_mobile":"","ocean_menu_typo_line_height":0,"ocean_menu_typo_line_height_tablet":0,"ocean_menu_typo_line_height_mobile":0,"ocean_menu_typo_line_height_unit":"","ocean_menu_typo_spacing":0,"ocean_menu_typo_spacing_tablet":0,"ocean_menu_typo_spacing_mobile":0,"ocean_menu_typo_spacing_unit":"","ocean_menu_link_color":"","ocean_menu_link_color_hover":"","ocean_menu_link_color_active":"","ocean_menu_link_background":"","ocean_menu_link_hover_background":"","ocean_menu_link_active_background":"","ocean_menu_social_links_bg":"","ocean_menu_social_hover_links_bg":"","ocean_menu_social_links_color":"","ocean_menu_social_hover_links_color":"","ocean_disable_title":"default","ocean_disable_heading":"default","ocean_post_title":"","ocean_post_subheading":"","ocean_post_title_style":"","ocean_post_title_background_color":"","ocean_post_title_background":0,"ocean_post_title_bg_image_position":"","ocean_post_title_bg_image_attachment":"","ocean_post_title_bg_image_repeat":"","ocean_post_title_bg_image_size":"","ocean_post_title_height":0,"ocean_post_title_bg_overlay":0.5,"ocean_post_title_bg_overlay_color":"","ocean_disable_breadcrumbs":"default","ocean_breadcrumbs_color":"","ocean_breadcrumbs_separator_color":"","ocean_breadcrumbs_links_color":"","ocean_breadcrumbs_links_hover_color":"","ocean_display_footer_widgets":"default","ocean_display_footer_bottom":"default","ocean_custom_footer_template":"0","_themeisle_gutenberg_block_has_review":false},"product_brand":[],"product_cat":[1094],"product_tag":[],"class_list":{"0":"post-6558","1":"product","2":"type-product","3":"status-publish","4":"has-post-thumbnail","6":"product_cat-ketos-foil","8":"entry","9":"has-media","11":"first","12":"instock","13":"taxable","14":"shipping-taxable","15":"purchasable","16":"product-type-simple","17":"has-rating","18":"col","19":"span_1_of_3","20":"owp-content-center","21":"owp-thumbs-layout-horizontal","22":"owp-btn-normal","23":"owp-tabs-layout-section","24":"circle-sale"},"acf":[],"yoast_head":"<!-- This site is optimized with the Yoast SEO plugin v27.5 - https:\/\/yoast.com\/product\/yoast-seo-wordpress\/ -->\n<title>Kahuna 1180 Frontwing for Wingfoil<\/title>\n<meta name=\"description\" content=\"You dreamed of rediscovering the sensations of Ketos in wing, you will not be disappointed!\" \/>\n<meta name=\"robots\" content=\"index, follow, max-snippet:-1, max-image-preview:large, max-video-preview:-1\" \/>\n<link rel=\"canonical\" href=\"https:\/\/www.ketos-foil.com\/en\/ketos-foil\/wingfoil-frontwing-kahuna1180\/\" \/>\n<meta property=\"og:locale\" content=\"en_US\" \/>\n<meta property=\"og:type\" content=\"article\" \/>\n<meta property=\"og:title\" content=\"Kahuna 1180 Frontwing for Wingfoil\" \/>\n<meta property=\"og:description\" content=\"You dreamed of rediscovering the sensations of Ketos in wing, you will not be disappointed!\" \/>\n<meta property=\"og:url\" content=\"https:\/\/www.ketos-foil.com\/en\/ketos-foil\/wingfoil-frontwing-kahuna1180\/\" \/>\n<meta property=\"og:site_name\" content=\"KETOS FOIL - Exceptional carbon foil since 2009\" \/>\n<meta property=\"article:publisher\" content=\"https:\/\/www.facebook.com\/ketosfoil\" \/>\n<meta property=\"article:modified_time\" content=\"2024-02-09T13:36:24+00:00\" \/>\n<meta property=\"og:image\" content=\"https:\/\/www.ketos-foil.com\/wp-content\/uploads\/2021\/06\/IMG_3888.jpg\" \/>\n\t<meta property=\"og:image:width\" content=\"1512\" \/>\n\t<meta property=\"og:image:height\" content=\"1512\" \/>\n\t<meta property=\"og:image:type\" content=\"image\/jpeg\" \/>\n<meta name=\"twitter:card\" content=\"summary_large_image\" \/>\n<meta name=\"twitter:label1\" content=\"Est. reading time\" \/>\n\t<meta name=\"twitter:data1\" content=\"1 minute\" \/>\n<script type=\"application\/ld+json\" class=\"yoast-schema-graph\">{\"@context\":\"https:\\\/\\\/schema.org\",\"@graph\":[{\"@type\":\"WebPage\",\"@id\":\"https:\\\/\\\/www.ketos-foil.com\\\/en\\\/ketos-foil\\\/wingfoil-frontwing-kahuna1180\\\/\",\"url\":\"https:\\\/\\\/www.ketos-foil.com\\\/en\\\/ketos-foil\\\/wingfoil-frontwing-kahuna1180\\\/\",\"name\":\"Kahuna 1180 Frontwing for Wingfoil\",\"isPartOf\":{\"@id\":\"https:\\\/\\\/www.ketos-foil.com\\\/en\\\/#website\"},\"primaryImageOfPage\":{\"@id\":\"https:\\\/\\\/www.ketos-foil.com\\\/en\\\/ketos-foil\\\/wingfoil-frontwing-kahuna1180\\\/#primaryimage\"},\"image\":{\"@id\":\"https:\\\/\\\/www.ketos-foil.com\\\/en\\\/ketos-foil\\\/wingfoil-frontwing-kahuna1180\\\/#primaryimage\"},\"thumbnailUrl\":\"https:\\\/\\\/www.ketos-foil.com\\\/wp-content\\\/uploads\\\/2021\\\/06\\\/IMG_3888.jpg\",\"datePublished\":\"2021-06-15T16:43:57+00:00\",\"dateModified\":\"2024-02-09T13:36:24+00:00\",\"description\":\"You dreamed of rediscovering the sensations of Ketos in wing, you will not be disappointed!\",\"breadcrumb\":{\"@id\":\"https:\\\/\\\/www.ketos-foil.com\\\/en\\\/ketos-foil\\\/wingfoil-frontwing-kahuna1180\\\/#breadcrumb\"},\"inLanguage\":\"en-US\",\"potentialAction\":[{\"@type\":\"ReadAction\",\"target\":[\"https:\\\/\\\/www.ketos-foil.com\\\/en\\\/ketos-foil\\\/wingfoil-frontwing-kahuna1180\\\/\"]}]},{\"@type\":\"ImageObject\",\"inLanguage\":\"en-US\",\"@id\":\"https:\\\/\\\/www.ketos-foil.com\\\/en\\\/ketos-foil\\\/wingfoil-frontwing-kahuna1180\\\/#primaryimage\",\"url\":\"https:\\\/\\\/www.ketos-foil.com\\\/wp-content\\\/uploads\\\/2021\\\/06\\\/IMG_3888.jpg\",\"contentUrl\":\"https:\\\/\\\/www.ketos-foil.com\\\/wp-content\\\/uploads\\\/2021\\\/06\\\/IMG_3888.jpg\",\"width\":1512,\"height\":1512,\"caption\":\"reconditionn\u00e9 aile avant wingfoil 1180\"},{\"@type\":\"BreadcrumbList\",\"@id\":\"https:\\\/\\\/www.ketos-foil.com\\\/en\\\/ketos-foil\\\/wingfoil-frontwing-kahuna1180\\\/#breadcrumb\",\"itemListElement\":[{\"@type\":\"ListItem\",\"position\":1,\"name\":\"Ketos\",\"item\":\"https:\\\/\\\/www.ketos-foil.com\\\/en\\\/\"},{\"@type\":\"ListItem\",\"position\":2,\"name\":\"Boutique en ligne de foil\",\"item\":\"https:\\\/\\\/www.ketos-foil.com\\\/boutique\\\/\"},{\"@type\":\"ListItem\",\"position\":3,\"name\":\"WINGFOIL Frontwing Kahuna1180 Refurbished\"}]},{\"@type\":\"WebSite\",\"@id\":\"https:\\\/\\\/www.ketos-foil.com\\\/en\\\/#website\",\"url\":\"https:\\\/\\\/www.ketos-foil.com\\\/en\\\/\",\"name\":\"KETOS FOIL - Exceptional carbon foil since 2009\",\"description\":\"Carbon foil for kitefoil, wing foil, wake foil, surf foil, pumping foil\",\"publisher\":{\"@id\":\"https:\\\/\\\/www.ketos-foil.com\\\/en\\\/#organization\"},\"potentialAction\":[{\"@type\":\"SearchAction\",\"target\":{\"@type\":\"EntryPoint\",\"urlTemplate\":\"https:\\\/\\\/www.ketos-foil.com\\\/en\\\/?s={search_term_string}\"},\"query-input\":{\"@type\":\"PropertyValueSpecification\",\"valueRequired\":true,\"valueName\":\"search_term_string\"}}],\"inLanguage\":\"en-US\"},{\"@type\":\"Organization\",\"@id\":\"https:\\\/\\\/www.ketos-foil.com\\\/en\\\/#organization\",\"name\":\"KETOS FOIL\",\"alternateName\":\"Ketos : foil, freestyle and freedom\",\"url\":\"https:\\\/\\\/www.ketos-foil.com\\\/en\\\/\",\"logo\":{\"@type\":\"ImageObject\",\"inLanguage\":\"en-US\",\"@id\":\"https:\\\/\\\/www.ketos-foil.com\\\/en\\\/#\\\/schema\\\/logo\\\/image\\\/\",\"url\":\"https:\\\/\\\/www.ketos-foil.com\\\/wp-content\\\/uploads\\\/2022\\\/10\\\/ketos-foil-3G-composite.jpg\",\"contentUrl\":\"https:\\\/\\\/www.ketos-foil.com\\\/wp-content\\\/uploads\\\/2022\\\/10\\\/ketos-foil-3G-composite.jpg\",\"width\":591,\"height\":132,\"caption\":\"KETOS FOIL\"},\"image\":{\"@id\":\"https:\\\/\\\/www.ketos-foil.com\\\/en\\\/#\\\/schema\\\/logo\\\/image\\\/\"},\"sameAs\":[\"https:\\\/\\\/www.facebook.com\\\/ketosfoil\",\"https:\\\/\\\/www.instagram.com\\\/ketosfoil\\\/\",\"https:\\\/\\\/www.youtube.com\\\/@Ketosfoil\",\"https:\\\/\\\/vimeo.com\\\/ketosfoil\",\"https:\\\/\\\/www.tiktok.com\\\/@ketosfoil\"]}]}<\/script>\n<!-- \/ Yoast SEO plugin. -->","yoast_head_json":{"title":"Kahuna 1180 Frontwing for Wingfoil","description":"You dreamed of rediscovering the sensations of Ketos in wing, you will not be disappointed!","robots":{"index":"index","follow":"follow","max-snippet":"max-snippet:-1","max-image-preview":"max-image-preview:large","max-video-preview":"max-video-preview:-1"},"canonical":"https:\/\/www.ketos-foil.com\/en\/ketos-foil\/wingfoil-frontwing-kahuna1180\/","og_locale":"en_US","og_type":"article","og_title":"Kahuna 1180 Frontwing for Wingfoil","og_description":"You dreamed of rediscovering the sensations of Ketos in wing, you will not be disappointed!","og_url":"https:\/\/www.ketos-foil.com\/en\/ketos-foil\/wingfoil-frontwing-kahuna1180\/","og_site_name":"KETOS FOIL - Exceptional carbon foil since 2009","article_publisher":"https:\/\/www.facebook.com\/ketosfoil","article_modified_time":"2024-02-09T13:36:24+00:00","og_image":[{"width":1512,"height":1512,"url":"https:\/\/www.ketos-foil.com\/wp-content\/uploads\/2021\/06\/IMG_3888.jpg","type":"image\/jpeg"}],"twitter_card":"summary_large_image","twitter_misc":{"Est. reading time":"1 minute"},"schema":{"@context":"https:\/\/schema.org","@graph":[{"@type":"WebPage","@id":"https:\/\/www.ketos-foil.com\/en\/ketos-foil\/wingfoil-frontwing-kahuna1180\/","url":"https:\/\/www.ketos-foil.com\/en\/ketos-foil\/wingfoil-frontwing-kahuna1180\/","name":"Kahuna 1180 Frontwing for Wingfoil","isPartOf":{"@id":"https:\/\/www.ketos-foil.com\/en\/#website"},"primaryImageOfPage":{"@id":"https:\/\/www.ketos-foil.com\/en\/ketos-foil\/wingfoil-frontwing-kahuna1180\/#primaryimage"},"image":{"@id":"https:\/\/www.ketos-foil.com\/en\/ketos-foil\/wingfoil-frontwing-kahuna1180\/#primaryimage"},"thumbnailUrl":"https:\/\/www.ketos-foil.com\/wp-content\/uploads\/2021\/06\/IMG_3888.jpg","datePublished":"2021-06-15T16:43:57+00:00","dateModified":"2024-02-09T13:36:24+00:00","description":"You dreamed of rediscovering the sensations of Ketos in wing, you will not be disappointed!","breadcrumb":{"@id":"https:\/\/www.ketos-foil.com\/en\/ketos-foil\/wingfoil-frontwing-kahuna1180\/#breadcrumb"},"inLanguage":"en-US","potentialAction":[{"@type":"ReadAction","target":["https:\/\/www.ketos-foil.com\/en\/ketos-foil\/wingfoil-frontwing-kahuna1180\/"]}]},{"@type":"ImageObject","inLanguage":"en-US","@id":"https:\/\/www.ketos-foil.com\/en\/ketos-foil\/wingfoil-frontwing-kahuna1180\/#primaryimage","url":"https:\/\/www.ketos-foil.com\/wp-content\/uploads\/2021\/06\/IMG_3888.jpg","contentUrl":"https:\/\/www.ketos-foil.com\/wp-content\/uploads\/2021\/06\/IMG_3888.jpg","width":1512,"height":1512,"caption":"reconditionn\u00e9 aile avant wingfoil 1180"},{"@type":"BreadcrumbList","@id":"https:\/\/www.ketos-foil.com\/en\/ketos-foil\/wingfoil-frontwing-kahuna1180\/#breadcrumb","itemListElement":[{"@type":"ListItem","position":1,"name":"Ketos","item":"https:\/\/www.ketos-foil.com\/en\/"},{"@type":"ListItem","position":2,"name":"Boutique en ligne de foil","item":"https:\/\/www.ketos-foil.com\/boutique\/"},{"@type":"ListItem","position":3,"name":"WINGFOIL Frontwing Kahuna1180 Refurbished"}]},{"@type":"WebSite","@id":"https:\/\/www.ketos-foil.com\/en\/#website","url":"https:\/\/www.ketos-foil.com\/en\/","name":"KETOS FOIL - Exceptional carbon foil since 2009","description":"Carbon foil for kitefoil, wing foil, wake foil, surf foil, pumping foil","publisher":{"@id":"https:\/\/www.ketos-foil.com\/en\/#organization"},"potentialAction":[{"@type":"SearchAction","target":{"@type":"EntryPoint","urlTemplate":"https:\/\/www.ketos-foil.com\/en\/?s={search_term_string}"},"query-input":{"@type":"PropertyValueSpecification","valueRequired":true,"valueName":"search_term_string"}}],"inLanguage":"en-US"},{"@type":"Organization","@id":"https:\/\/www.ketos-foil.com\/en\/#organization","name":"KETOS FOIL","alternateName":"Ketos : foil, freestyle and freedom","url":"https:\/\/www.ketos-foil.com\/en\/","logo":{"@type":"ImageObject","inLanguage":"en-US","@id":"https:\/\/www.ketos-foil.com\/en\/#\/schema\/logo\/image\/","url":"https:\/\/www.ketos-foil.com\/wp-content\/uploads\/2022\/10\/ketos-foil-3G-composite.jpg","contentUrl":"https:\/\/www.ketos-foil.com\/wp-content\/uploads\/2022\/10\/ketos-foil-3G-composite.jpg","width":591,"height":132,"caption":"KETOS FOIL"},"image":{"@id":"https:\/\/www.ketos-foil.com\/en\/#\/schema\/logo\/image\/"},"sameAs":["https:\/\/www.facebook.com\/ketosfoil","https:\/\/www.instagram.com\/ketosfoil\/","https:\/\/www.youtube.com\/@Ketosfoil","https:\/\/vimeo.com\/ketosfoil","https:\/\/www.tiktok.com\/@ketosfoil"]}]}},"_links":{"self":[{"href":"https:\/\/www.ketos-foil.com\/en\/wp-json\/wp\/v2\/product\/6558","targetHints":{"allow":["GET"]}}],"collection":[{"href":"https:\/\/www.ketos-foil.com\/en\/wp-json\/wp\/v2\/product"}],"about":[{"href":"https:\/\/www.ketos-foil.com\/en\/wp-json\/wp\/v2\/types\/product"}],"replies":[{"embeddable":true,"href":"https:\/\/www.ketos-foil.com\/en\/wp-json\/wp\/v2\/comments?post=6558"}],"wp:featuredmedia":[{"embeddable":true,"href":"https:\/\/www.ketos-foil.com\/en\/wp-json\/wp\/v2\/media\/15632"}],"wp:attachment":[{"href":"https:\/\/www.ketos-foil.com\/en\/wp-json\/wp\/v2\/media?parent=6558"}],"wp:term":[{"taxonomy":"product_brand","embeddable":true,"href":"https:\/\/www.ketos-foil.com\/en\/wp-json\/wp\/v2\/product_brand?post=6558"},{"taxonomy":"product_cat","embeddable":true,"href":"https:\/\/www.ketos-foil.com\/en\/wp-json\/wp\/v2\/product_cat?post=6558"},{"taxonomy":"product_tag","embeddable":true,"href":"https:\/\/www.ketos-foil.com\/en\/wp-json\/wp\/v2\/product_tag?post=6558"}],"curies":[{"name":"wp","href":"https:\/\/api.w.org\/{rel}","templated":true}]}}